{"id":69,"date":"2025-01-28T12:20:09","date_gmt":"2025-01-28T12:20:09","guid":{"rendered":"https:\/\/somosuvasyelviento.cl\/?page_id=69"},"modified":"2025-03-17T02:52:49","modified_gmt":"2025-03-17T02:52:49","slug":"cuidado-y-proteccion","status":"publish","type":"page","link":"https:\/\/somosuvasyelviento.cl\/?page_id=69","title":{"rendered":"Cuidado y Protecci\u00f3n"},"content":{"rendered":"<p>[et_pb_section fb_built=\u00bb1&#8243; _builder_version=\u00bb4.27.2&#8243; _module_preset=\u00bbdefault\u00bb custom_padding=\u00bb8px||88px|||\u00bb border_width_bottom=\u00bb2px\u00bb box_shadow_style=\u00bbpreset3&#8243; global_colors_info=\u00bb{}\u00bb][et_pb_row _builder_version=\u00bb4.27.2&#8243; _module_preset=\u00bbdefault\u00bb global_colors_info=\u00bb{}\u00bb][et_pb_column type=\u00bb4_4&#8243; _builder_version=\u00bb4.27.2&#8243; _module_preset=\u00bbdefault\u00bb global_colors_info=\u00bb{}\u00bb][et_pb_text _builder_version=\u00bb4.27.2&#8243; _module_preset=\u00bbdefault\u00bb text_font=\u00bbchampagne|800|||||||\u00bb text_text_color=\u00bb#000000&#8243; text_font_size=\u00bb21px\u00bb background_color=\u00bb#FFFFFF\u00bb text_orientation=\u00bbcenter\u00bb background_layout=\u00bbdark\u00bb border_radii=\u00bbon|6px|6px|6px|6px\u00bb border_width_all=\u00bb8px\u00bb border_color_all=\u00bb#FFFFFF\u00bb box_shadow_style=\u00bbpreset3&#8243; global_colors_info=\u00bb{}\u00bb]<\/p>\n<h2 style=\"text-align: center;\"><span style=\"color: #0000ff;\"><strong>SEGURIDAD P\u00daBLICA<\/strong><\/span><\/h2>\n<p>LUGAR Y HORARIOS DE ATENCI\u00d3N:<\/p>\n<p>Municipalidad de La Granja, Am\u00e9rico Vespucio N\u00b0 002, La Granja. Direcci\u00f3n de Desarrollo Comunitario, Oficina de Seguridad P\u00fablica.<\/p>\n<p>Horario de atenci\u00f3n: lunes a jueves de 8:30 hrs. a 14:00 hrs. \/ 15:00 a 18:00 hrs. viernes de 08:30 a 14:00 hrs.<\/p>\n<p>N\u00famero de Contacto: 225503812<\/p>\n<p>Correo electr\u00f3nico: seguridadpublica@mlagranja.cl<\/p>\n<p>[\/et_pb_text][\/et_pb_column][\/et_pb_row][et_pb_row column_structure=\u00bb1_2,1_2&#8243; _builder_version=\u00bb4.27.2&#8243; _module_preset=\u00bbdefault\u00bb global_colors_info=\u00bb{}\u00bb][et_pb_column type=\u00bb1_2&#8243; _builder_version=\u00bb4.27.2&#8243; _module_preset=\u00bbdefault\u00bb global_colors_info=\u00bb{}\u00bb][et_pb_text _builder_version=\u00bb4.27.2&#8243; _module_preset=\u00bbdefault\u00bb text_font=\u00bbchampagne|800|||||||\u00bb text_text_color=\u00bb#000000&#8243; text_font_size=\u00bb21px\u00bb background_color=\u00bb#FFFFFF\u00bb text_orientation=\u00bbcenter\u00bb background_layout=\u00bbdark\u00bb border_radii=\u00bbon|6px|6px|6px|6px\u00bb border_width_all=\u00bb8px\u00bb border_color_all=\u00bb#FFFFFF\u00bb box_shadow_style=\u00bbpreset3&#8243; global_colors_info=\u00bb{}\u00bb]<\/p>\n<h2 style=\"text-align: center;\"><span style=\"color: #0000ff;\"><strong>13 Comisar\u00eda la Granja<br \/>CARABINEROS<\/strong><\/span><\/h2>\n<p><span class=\"_oqoid\"><button class=\"_2lcm958\">Padre Juan Meyer,\u00a00851<\/button><\/span><\/p>\n<div class=\"_1p8iqzw\">Padre Juan Meyer 0851<br \/>La Granja, Santiago, Provincia de Santiago, Regi\u00f3n Metropolitana de Santiago<\/div>\n<p>Horario de atenci\u00f3n: 24 horas<\/p>\n<p>N\u00famero de Contacto: \u00a0\u00a0<a data-dtype=\"d3ph\" data-local-attribute=\"d3ph\" jscontroller=\"LWZElb\" href=\"https:\/\/www.google.com\/search?q=COMISARIAS+LA+GRANJA&amp;rlz=1C1VDKB_enCL1145CL1145&amp;oq=COMISARIAS+LA+GRANJA&amp;gs_lcrp=EgZjaHJvbWUyBggAEEUYOTINCAEQABiGAxiABBiKBTINCAIQABiGAxiABBiKBTINCAMQABiGAxiABBiKBTIHCAQQABjvBTIHCAUQABjvBTIHCAYQABjvBTIHCAcQABjvBTIHCAgQABjvBdIBCTk0MTRqMWoxNagCCLACAfEFsfTga5JYUCjxBbH04GuSWFAo&amp;sourceid=chrome&amp;ie=UTF-8&amp;lqi=ChRDT01JU0FSSUFTIExBIEdSQU5KQVoWIhRjb21pc2FyaWFzIGxhIGdyYW5qYZIBEmNhcmFiaW5pZXJpX3BvbGljZaoBTRABKg4iCmNvbWlzYXJpYXMoDjIfEAEiG0ncQjccdYmtE6CcGnFK7YuY2Y5qWkqjTaf_rzIYEAIiFGNvbWlzYXJpYXMgbGEgZ3Jhbmph#\" jsdata=\"QKGTRc;_;BqnMzE\" jsaction=\"rcuQ6b:npT2md;F75qrd\" data-ved=\"2ahUKEwi0jbnUipCMAxU8HbkGHQBgLOMQkAgoAHoECBMQAw\"><span aria-label=\"Call phone number (2) 2922 3220\">22922 3220<\/span><\/a><\/p>\n<p><span style=\"text-decoration: underline;\"><span style=\"color: #0000ff;\"><a href=\"Padre%20Juan Meyer 851 https:\/\/g.co\/kgs\/ScqEQcm\" style=\"color: #0000ff;\"><strong>Como Llegar<\/strong><\/a><\/span><\/span><\/p>\n<p>[\/et_pb_text][\/et_pb_column][et_pb_column type=\u00bb1_2&#8243; _builder_version=\u00bb4.27.2&#8243; _module_preset=\u00bbdefault\u00bb global_colors_info=\u00bb{}\u00bb][et_pb_text _builder_version=\u00bb4.27.2&#8243; _module_preset=\u00bbdefault\u00bb text_font=\u00bbchampagne|800|||||||\u00bb text_text_color=\u00bb#000000&#8243; text_font_size=\u00bb21px\u00bb background_color=\u00bb#FFFFFF\u00bb text_orientation=\u00bbcenter\u00bb background_layout=\u00bbdark\u00bb border_radii=\u00bbon|6px|6px|6px|6px\u00bb border_width_all=\u00bb8px\u00bb border_color_all=\u00bb#FFFFFF\u00bb box_shadow_style=\u00bbpreset3&#8243; global_colors_info=\u00bb{}\u00bb]<\/p>\n<h2 style=\"text-align: center;\"><span style=\"color: #0000ff;\">Bomberos La Granja<\/span><\/h2>\n<p><b>Direcci\u00f3n:<\/b><span>\u00a0<\/span>Argentina 2095<\/p>\n<p><b>Comunas Atendidas:<\/b><br \/>La Granja &#8211; La Pintana &#8211; San Ramon<\/p>\n<p><b>Tel\u00e9fono:<\/b><span>\u00a0<\/span>22 860 6010<\/p>\n<p><span style=\"text-decoration: underline;\"><span style=\"color: #0000ff;\"><a href=\"Argentina 2095 https:\/\/g.co\/kgs\/LxuhLbq\" style=\"color: #0000ff;\"><strong>Como Llegar<\/strong><\/a><\/span><\/span><\/p>\n<p>[\/et_pb_text][et_pb_text _builder_version=\u00bb4.27.2&#8243; _module_preset=\u00bbdefault\u00bb text_font=\u00bbchampagne|800|||||||\u00bb text_text_color=\u00bb#000000&#8243; text_font_size=\u00bb21px\u00bb background_color=\u00bb#FFFFFF\u00bb text_orientation=\u00bbcenter\u00bb background_layout=\u00bbdark\u00bb border_radii=\u00bbon|6px|6px|6px|6px\u00bb border_width_all=\u00bb8px\u00bb border_color_all=\u00bb#FFFFFF\u00bb box_shadow_style=\u00bbpreset3&#8243; global_colors_info=\u00bb{}\u00bb]<\/p>\n<h2 style=\"text-align: center;\"><span style=\"color: #0000ff;\">2\u00b0 Compa\u00f1\u00eda Bomberos La Granja<\/span><\/h2>\n<div class=\"wDYxhc\" data-attrid=\"kc:\/location\/location:address\" data-md=\"1002\" lang=\"en-CL\" data-hveid=\"CBMQAA\" data-ved=\"2ahUKEwi-t7-CjJCMAxWDHrkGHaEOIY4QkCl6BAgTEAA\">\n<div class=\"Z1hOCe\">\n<div class=\"zloOqf PZPZlf\" data-dtype=\"d3ifr\" data-local-attribute=\"d3adr\" data-mid=\"\/g\/1tcvd2z3\" jsdata=\"kMGuHf;_;B8BIZ4\" data-ved=\"2ahUKEwi-t7-CjJCMAxWDHrkGHaEOIY4QghwoAHoECBMQAQ\"><span class=\"w8qArf FoJoyf\">Direcci\u00f3n<span>:<\/span><span>\u00a0<\/span><\/span><span class=\"LrzXr\">Avda. La Bandera 9800, San Ram\u00f3n, Regi\u00f3n Metropolitana<\/span><\/div>\n<\/div>\n<\/div>\n<div class=\"wDYxhc\" data-attrid=\"kc:\/local:alt phone\" data-md=\"1006\" lang=\"en-CL\" data-hveid=\"CBEQAA\" data-ved=\"2ahUKEwi-t7-CjJCMAxWDHrkGHaEOIY4QkCl6BAgREAA\">\n<div class=\"Z1hOCe\">\n<div class=\"zloOqf PZPZlf\" data-dtype=\"d3ifr\" data-local-attribute=\"d3ph\" data-ved=\"2ahUKEwi-t7-CjJCMAxWDHrkGHaEOIY4Q8I0BKAB6BAgREAE\"><span class=\"w8qArf FoJoyf\"><br \/>Tel\u00e9fono<span>:<\/span><span> <\/span><\/span><span><span class=\"LrzXr zdqRlf kno-fv\"><a data-dtype=\"d3ph\" data-local-attribute=\"d3ph\" jscontroller=\"LWZElb\" href=\"https:\/\/www.google.com\/search?q=bomberos+de+la+granja&amp;sca_esv=638870ca07f752e9&amp;rlz=1C1VDKB_enCL1145CL1145&amp;sxsrf=AHTn8zrY7dI5PHoGGpd_q_0H3NO4qS6cdw%3A1742179111903&amp;ei=J4vXZ5fyNvaU5OUPqpbi8Ak&amp;oq=bomberos+der+la+granja%2B&amp;gs_lp=Egxnd3Mtd2l6LXNlcnAaAhgCIhdib21iZXJvcyBkZXIgbGEgZ3JhbmphKyoCCAAyCRAAGIAEGBMYDTIIEAAYExgWGB4yCBAAGBMYFhgeMggQABgTGBYYHjIIEAAYExgWGB4yCBAAGBMYFhgeMggQABgTGBYYHjIIEAAYExgWGB4yCBAAGBMYFhgeMggQABgTGBYYHkiiQFAAWMMtcAB4AJABAJgBgwGgAfUTqgEENi4xN7gBAcgBAPgBAZgCF6AC1RTCAgQQIxgnwgILEC4YgAQYkQIYigXCAgsQABiABBiRAhiKBcICChAuGIAEGEMYigXCAhQQLhiABBjRAxjSAxjHARioAxiLA8ICCBAAGIAEGIsDwgIOEC4YgAQYqAMYiwMYmwPCAgUQABiABMICEBAuGIAEGNEDGEMYxwEYigXCAgUQLhiABMICHxAuGIAEGNEDGEMYxwEYigUYlwUY3AQY3gQY4ATYAQHCAggQABiABBjLAcICCBAuGIAEGMsBwgILEAAYgAQYywEYiwPCAgcQABiABBgNwgINEC4YgAQYxwEYDRivAcICBhAAGA0YHsICCBAAGBMYDRgewgIKEAAYExgWGAoYHpgDALoGBggBEAEYFJIHBDQuMTmgB67kAQ&amp;sclient=gws-wiz-serp&amp;lqi=ChVib21iZXJvcyBkZSBsYSBncmFuamFIw5eYveWAgIAIWisQABABEAIQAxgAGAEYAhgDIhVib21iZXJvcyBkZSBsYSBncmFuamEyAmVzkgEMZmlyZV9zdGF0aW9uqgE-EAEyHxABIhva_UlbgyAsqnuIP64Nd6Wv3lDYntsbvHAZTw4yGRACIhVib21iZXJvcyBkZSBsYSBncmFuamE#\" jsdata=\"QKGTRc;_;B8BIaI\" jsaction=\"rcuQ6b:npT2md;F75qrd\" data-ved=\"2ahUKEwi-t7-CjJCMAxWDHrkGHaEOIY4QkAgoAHoECBEQAw\"><span aria-label=\"Call phone number (2) 2558 3704\">2 2558 3704<\/span><\/a><\/span><\/span><\/div>\n<div class=\"zloOqf PZPZlf\" data-dtype=\"d3ifr\" data-local-attribute=\"d3ph\" data-ved=\"2ahUKEwi-t7-CjJCMAxWDHrkGHaEOIY4Q8I0BKAB6BAgREAE\"><span><span class=\"LrzXr zdqRlf kno-fv\"><span aria-label=\"Call phone number (2) 2558 3704\"><\/span><\/span><\/span><\/div>\n<div class=\"zloOqf PZPZlf\" data-dtype=\"d3ifr\" data-local-attribute=\"d3ph\" data-ved=\"2ahUKEwi-t7-CjJCMAxWDHrkGHaEOIY4Q8I0BKAB6BAgREAE\"><span><span class=\"LrzXr zdqRlf kno-fv\"><span aria-label=\"Call phone number (2) 2558 3704\"><\/span><\/span><\/span><\/div>\n<\/div>\n<\/div>\n<p><span style=\"text-decoration: underline;\"><span style=\"color: #0000ff;\"><br \/><a href=\"Avda. La Bandera 9800 https:\/\/g.co\/kgs\/MyExyjM\" style=\"color: #0000ff;\"><strong>Como Llegar<\/strong><\/a><\/span><\/span><\/p>\n<p>[\/et_pb_text][et_pb_text _builder_version=\u00bb4.27.2&#8243; _module_preset=\u00bbdefault\u00bb text_font=\u00bbchampagne|800|||||||\u00bb text_text_color=\u00bb#000000&#8243; text_font_size=\u00bb21px\u00bb background_color=\u00bb#FFFFFF\u00bb text_orientation=\u00bbcenter\u00bb background_layout=\u00bbdark\u00bb hover_enabled=\u00bb0&#8243; border_radii=\u00bbon|6px|6px|6px|6px\u00bb border_width_all=\u00bb8px\u00bb border_color_all=\u00bb#FFFFFF\u00bb box_shadow_style=\u00bbpreset3&#8243; global_colors_info=\u00bb{}\u00bb sticky_enabled=\u00bb0&#8243;]<\/p>\n<h2 style=\"text-align: center;\"><span style=\"color: #0000ff;\">PDI San Ram\u00f3n y La Granja<\/span><\/h2>\n<div class=\"wDYxhc\" data-attrid=\"kc:\/location\/location:address\" data-md=\"1002\" lang=\"en-CL\" data-hveid=\"CBMQAA\" data-ved=\"2ahUKEwi-t7-CjJCMAxWDHrkGHaEOIY4QkCl6BAgTEAA\">\n<div class=\"Z1hOCe\">\n<div class=\"zloOqf PZPZlf\" data-dtype=\"d3ifr\" data-local-attribute=\"d3adr\" data-mid=\"\/g\/1tcvd2z3\" jsdata=\"kMGuHf;_;B8BIZ4\" data-ved=\"2ahUKEwi-t7-CjJCMAxWDHrkGHaEOIY4QghwoAHoECBMQAQ\">\n<div class=\"datos mapa\">\n<p><span>Av. Gran Avenida 7930<\/span>,<span>\u00a0<\/span><\/p>\n<p>+56-2 2708-3082<br \/>+56-2 2708-3083<\/p>\n<\/div>\n<div class=\"datos telefono\"><a href=\"tel:134\" target=\"_blank\" rel=\"noopener\">134<\/a><\/div>\n<div class=\"leyenda_telefonos_fijo\"><span>* Si llamas desde celular a fijo utiliza<br \/>(56-02) en lugar de (56-2)<\/span><\/div>\n<div class=\"datos mail\"><img decoding=\"async\" src=\"https:\/\/www.infostgo.cl\/uploads\/imagenes\/emails\/89.png\" alt=\"\" \/><\/div>\n<\/div>\n<\/div>\n<\/div>\n<div class=\"wDYxhc\" data-attrid=\"kc:\/local:alt phone\" data-md=\"1006\" lang=\"en-CL\" data-hveid=\"CBEQAA\" data-ved=\"2ahUKEwi-t7-CjJCMAxWDHrkGHaEOIY4QkCl6BAgREAA\">\n<div class=\"Z1hOCe\">\n<div class=\"zloOqf PZPZlf\" data-dtype=\"d3ifr\" data-local-attribute=\"d3ph\" data-ved=\"2ahUKEwi-t7-CjJCMAxWDHrkGHaEOIY4Q8I0BKAB6BAgREAE\"><span><\/span><\/div>\n<div class=\"zloOqf PZPZlf\" data-dtype=\"d3ifr\" data-local-attribute=\"d3ph\" data-ved=\"2ahUKEwi-t7-CjJCMAxWDHrkGHaEOIY4Q8I0BKAB6BAgREAE\"><span><span class=\"LrzXr zdqRlf kno-fv\"><span aria-label=\"Call phone number (2) 2558 3704\"><\/span><\/span><\/span><\/div>\n<div class=\"zloOqf PZPZlf\" data-dtype=\"d3ifr\" data-local-attribute=\"d3ph\" data-ved=\"2ahUKEwi-t7-CjJCMAxWDHrkGHaEOIY4Q8I0BKAB6BAgREAE\"><span><span class=\"LrzXr zdqRlf kno-fv\"><span aria-label=\"Call phone number (2) 2558 3704\"><\/span><\/span><\/span><\/div>\n<\/div>\n<\/div>\n<p><span style=\"text-decoration: underline;\"><span style=\"color: #0000ff;\"><br \/><a href=\"Gran Av. Jos\u00e9 Miguel Carrera 7930 https:\/\/g.co\/kgs\/LyivLgw\" style=\"color: #0000ff;\"><strong>Como Llegar<\/strong><\/a><\/span><\/span><\/p>\n<p>[\/et_pb_text][\/et_pb_column][\/et_pb_row][et_pb_row _builder_version=\u00bb4.27.2&#8243; _module_preset=\u00bbdefault\u00bb global_colors_info=\u00bb{}\u00bb][et_pb_column type=\u00bb4_4&#8243; _builder_version=\u00bb4.27.2&#8243; _module_preset=\u00bbdefault\u00bb global_colors_info=\u00bb{}\u00bb][et_pb_divider divider_weight=\u00bb4px\u00bb _builder_version=\u00bb4.27.2&#8243; _module_preset=\u00bbdefault\u00bb global_colors_info=\u00bb{}\u00bb][\/et_pb_divider][\/et_pb_column][\/et_pb_row][\/et_pb_section]<\/p>\n","protected":false},"excerpt":{"rendered":"<p>SEGURIDAD P\u00daBLICA LUGAR Y HORARIOS DE ATENCI\u00d3N: Municipalidad de La Granja, Am\u00e9rico Vespucio N\u00b0 002, La Granja. Direcci\u00f3n de Desarrollo Comunitario, Oficina de Seguridad P\u00fablica. Horario de atenci\u00f3n: lunes a jueves de 8:30 hrs. a 14:00 hrs. \/ 15:00 a 18:00 hrs. viernes de 08:30 a 14:00 hrs. N\u00famero de Contacto: 225503812 Correo electr\u00f3nico: seguridadpublica@mlagranja.cl13 [&hellip;]<\/p>\n","protected":false},"author":1,"featured_media":0,"parent":0,"menu_order":0,"comment_status":"closed","ping_status":"closed","template":"","meta":{"_et_pb_use_builder":"on","_et_pb_old_content":"","_et_gb_content_width":"","footnotes":""},"class_list":["post-69","page","type-page","status-publish","hentry"],"_links":{"self":[{"href":"https:\/\/somosuvasyelviento.cl\/index.php?rest_route=\/wp\/v2\/pages\/69","targetHints":{"allow":["GET"]}}],"collection":[{"href":"https:\/\/somosuvasyelviento.cl\/index.php?rest_route=\/wp\/v2\/pages"}],"about":[{"href":"https:\/\/somosuvasyelviento.cl\/index.php?rest_route=\/wp\/v2\/types\/page"}],"author":[{"embeddable":true,"href":"https:\/\/somosuvasyelviento.cl\/index.php?rest_route=\/wp\/v2\/users\/1"}],"replies":[{"embeddable":true,"href":"https:\/\/somosuvasyelviento.cl\/index.php?rest_route=%2Fwp%2Fv2%2Fcomments&post=69"}],"version-history":[{"count":12,"href":"https:\/\/somosuvasyelviento.cl\/index.php?rest_route=\/wp\/v2\/pages\/69\/revisions"}],"predecessor-version":[{"id":309,"href":"https:\/\/somosuvasyelviento.cl\/index.php?rest_route=\/wp\/v2\/pages\/69\/revisions\/309"}],"wp:attachment":[{"href":"https:\/\/somosuvasyelviento.cl\/index.php?rest_route=%2Fwp%2Fv2%2Fmedia&parent=69"}],"curies":[{"name":"wp","href":"https:\/\/api.w.org\/{rel}","templated":true}]}}