{"id":71,"date":"2025-01-28T11:29:13","date_gmt":"2025-01-28T11:29:13","guid":{"rendered":"https:\/\/somosuvasyelviento.cl\/?page_id=71"},"modified":"2025-02-09T07:32:56","modified_gmt":"2025-02-09T07:32:56","slug":"redes-comunitarias","status":"publish","type":"page","link":"https:\/\/somosuvasyelviento.cl\/?page_id=71","title":{"rendered":"Redes Comunitarias"},"content":{"rendered":"<p>[et_pb_section fb_built=\u00bb1&#8243; _builder_version=\u00bb4.27.4&#8243; _module_preset=\u00bbdefault\u00bb background_color=\u00bb#a3a3a3&#8243; background_image=\u00bbhttps:\/\/somosuvasyelviento.cl\/wp-content\/uploads\/2025\/02\/MANOS.jpg\u00bb global_colors_info=\u00bb{}\u00bb theme_builder_area=\u00bbpost_content\u00bb][et_pb_row column_structure=\u00bb1_2,1_2&#8243; _builder_version=\u00bb4.27.4&#8243; _module_preset=\u00bbdefault\u00bb background_color=\u00bbrgba(255,255,255,0.78)\u00bb border_radii=\u00bbon|4px|4px|4px|4px\u00bb border_width_all=\u00bb12px\u00bb border_color_all=\u00bbrgba(255,255,255,0.35)\u00bb global_colors_info=\u00bb{}\u00bb theme_builder_area=\u00bbpost_content\u00bb][et_pb_column type=\u00bb1_2&#8243; _builder_version=\u00bb4.27.4&#8243; _module_preset=\u00bbdefault\u00bb global_colors_info=\u00bb{}\u00bb theme_builder_area=\u00bbpost_content\u00bb][et_pb_text _builder_version=\u00bb4.27.2&#8243; _module_preset=\u00bbdefault\u00bb text_font=\u00bb|700|||||||\u00bb text_text_color=\u00bb#000000&#8243; text_font_size=\u00bb22px\u00bb hover_enabled=\u00bb0&#8243; global_colors_info=\u00bb{}\u00bb theme_builder_area=\u00bbpost_content\u00bb sticky_enabled=\u00bb0&#8243;]<\/p>\n<p>CENTRO DE LA MUJER LA GRANJA<\/p>\n<p>[\/et_pb_text][et_pb_text _builder_version=\u00bb4.27.4&#8243; _module_preset=\u00bbdefault\u00bb text_font=\u00bb|600|||||||\u00bb text_text_color=\u00bb#000000&#8243; text_font_size=\u00bb16px\u00bb text_orientation=\u00bbjustified\u00bb global_colors_info=\u00bb{}\u00bb theme_builder_area=\u00bbpost_content\u00bb]<\/p>\n<p><span>Entregan una primera acogida con profesionales especializados en violencias de g\u00e9nero, ofreciendo atenci\u00f3n y acompa\u00f1amiento social, legal y psicol\u00f3gico seg\u00fan las necesidades de cada mujer. Adem\u00e1s, ah\u00ed se realizan derivaciones al sistema de atenci\u00f3n del SernamEG u otras instituciones pertinentes, para asegurar una respuesta integral y oportuna.<\/span><\/p>\n<p>[\/et_pb_text][\/et_pb_column][et_pb_column type=\u00bb1_2&#8243; _builder_version=\u00bb4.27.4&#8243; _module_preset=\u00bbdefault\u00bb global_colors_info=\u00bb{}\u00bb theme_builder_area=\u00bbpost_content\u00bb][et_pb_text _builder_version=\u00bb4.27.2&#8243; _module_preset=\u00bbdefault\u00bb text_text_color=\u00bb#000000&#8243; text_font_size=\u00bb16px\u00bb hover_enabled=\u00bb0&#8243; global_colors_info=\u00bb{}\u00bb theme_builder_area=\u00bbpost_content\u00bb sticky_enabled=\u00bb0&#8243;]<\/p>\n<p><strong>Nombre Centro:<\/strong><span>\u00a0Centro de las Mujeres La Granja<\/span><br \/><strong>Ejecutor:<\/strong><span>\u00a0Municipalidad de La Granja<\/span><br \/><strong>Cobertura territorial:<\/strong><span>\u00a0La Granja<\/span><br \/><strong>Direcci\u00f3n:<\/strong><span>\u00a0Av. 12 Poniente 8390 esq. Avda. San Gregorio, La Granja<\/span><br \/><strong>Tipo de atenci\u00f3n:<\/strong><span>\u00a0remota<\/span><br \/><strong>Horario de atenci\u00f3n remota:<span>\u00a0<\/span><\/strong><span>9:00 a 18:00 horas<\/span><br \/><strong>Tel\u00e9fono:<\/strong><span>\u00a0+569 58781511<\/span><br \/><strong>Email<\/strong><strong>:<\/strong><span>\u00a0<\/span><span style=\"color: #000080;\"><a href=\"mailto:centromujerlg@gmail.com\" style=\"color: #000080;\">centromujerlg@gmail.com<\/a><\/span><\/p>\n<p>[\/et_pb_text][\/et_pb_column][\/et_pb_row][\/et_pb_section]<\/p>\n","protected":false},"excerpt":{"rendered":"<p>CENTRO DE LA MUJER LA GRANJAEntregan una primera acogida con profesionales especializados en violencias de g\u00e9nero, ofreciendo atenci\u00f3n y acompa\u00f1amiento social, legal y psicol\u00f3gico seg\u00fan las necesidades de cada mujer. Adem\u00e1s, ah\u00ed se realizan derivaciones al sistema de atenci\u00f3n del SernamEG u otras instituciones pertinentes, para asegurar una respuesta integral y oportuna.Nombre Centro:\u00a0Centro de las [&hellip;]<\/p>\n","protected":false},"author":1,"featured_media":0,"parent":0,"menu_order":0,"comment_status":"closed","ping_status":"closed","template":"","meta":{"_et_pb_use_builder":"on","_et_pb_old_content":"<!-- wp:divi\/placeholder \/-->","_et_gb_content_width":"","footnotes":""},"class_list":["post-71","page","type-page","status-publish","hentry"],"_links":{"self":[{"href":"https:\/\/somosuvasyelviento.cl\/index.php?rest_route=\/wp\/v2\/pages\/71","targetHints":{"allow":["GET"]}}],"collection":[{"href":"https:\/\/somosuvasyelviento.cl\/index.php?rest_route=\/wp\/v2\/pages"}],"about":[{"href":"https:\/\/somosuvasyelviento.cl\/index.php?rest_route=\/wp\/v2\/types\/page"}],"author":[{"embeddable":true,"href":"https:\/\/somosuvasyelviento.cl\/index.php?rest_route=\/wp\/v2\/users\/1"}],"replies":[{"embeddable":true,"href":"https:\/\/somosuvasyelviento.cl\/index.php?rest_route=%2Fwp%2Fv2%2Fcomments&post=71"}],"version-history":[{"count":4,"href":"https:\/\/somosuvasyelviento.cl\/index.php?rest_route=\/wp\/v2\/pages\/71\/revisions"}],"predecessor-version":[{"id":217,"href":"https:\/\/somosuvasyelviento.cl\/index.php?rest_route=\/wp\/v2\/pages\/71\/revisions\/217"}],"wp:attachment":[{"href":"https:\/\/somosuvasyelviento.cl\/index.php?rest_route=%2Fwp%2Fv2%2Fmedia&parent=71"}],"curies":[{"name":"wp","href":"https:\/\/api.w.org\/{rel}","templated":true}]}}